{"id":255498,"date":"2024-08-28T13:44:30","date_gmt":"2024-08-28T10:44:30","guid":{"rendered":"https:\/\/eoppiva.fi.jj-net.site\/?page_id=255498"},"modified":"2025-01-26T22:34:45","modified_gmt":"2025-01-26T20:34:45","slug":"eoppivas-sprakversioner","status":"publish","type":"page","link":"https:\/\/eoppiva.fi.jj-net.site\/sv\/faq\/eoppivas-sprakversioner\/","title":{"rendered":"eOppivas spr\u00e5kversioner"},"content":{"rendered":"<hr \/>\n<p>To read this text about eOppiva\u2019s language versions in English, <a href=\"https:\/\/eoppiva.fi.jj-net.site\/en\/faq\/eoppivas-language-versions\/\">choose &#8221;EN&#8221; from the top menu or click here.<\/a><\/p>\n<p>Voit lukea t\u00e4m\u00e4n tekstin eOppivan kieliversioista suomeksi <a href=\"https:\/\/eoppiva.fi.jj-net.site\/ukk\/eoppivan-kieliversiot\/\">valitsemalla &#8221;FI&#8221; yl\u00e4valikosta tai klikkaamalla t\u00e4st\u00e4.<\/a><\/p>\n<hr \/>\n<h2>eOppiva fungerar p\u00e5 tre spr\u00e5k<\/h2>\n<p>Du kan v\u00e4lja mellan tre spr\u00e5kalternativ f\u00f6r webbplatsen: finska, svenska eller engelska.<\/p>\n<h2>Hur fungerar spr\u00e5kvalet?<\/h2>\n<ol>\n<li><strong>V\u00e4lj spr\u00e5k<\/strong><br \/>\nV\u00e4lj \u00f6nskat spr\u00e5k fr\u00e5n toppmenyn p\u00e5 eOppiva-webbplatsen. Detta val best\u00e4mmer p\u00e5 vilket spr\u00e5k inneh\u00e5llet visas och vilka utbildningar du kan bl\u00e4ddra igenom.<\/li>\n<li><strong>Bl\u00e4ddra bland utbildningar p\u00e5 ditt valda spr\u00e5k<\/strong><br \/>\nN\u00e4r du har valt spr\u00e5k ser du de utbildningar som \u00e4r tillg\u00e4ngliga p\u00e5 det spr\u00e5ket. P\u00e5 den finskspr\u00e5kiga sidan ser du ocks\u00e5 de utbildningar som endast publicerats p\u00e5 engelska eller svenska. Om en utbildning \u00e4r \u00f6versatt till flera spr\u00e5k kan du se de olika spr\u00e5kversionerna genom att \u00e4ndra spr\u00e5kvalet p\u00e5 utbildningens presentationssida.<\/li>\n<li><strong>Observera att inneh\u00e5llet varierar beroende p\u00e5 spr\u00e5k<\/strong><br \/>\nAlla utbildningar och annat inneh\u00e5ll \u00e4r inte tillg\u00e4ngliga p\u00e5 alla spr\u00e5k. Om du vill ta del av utbildningar och inneh\u00e5ll p\u00e5 andra spr\u00e5k kan du n\u00e4r som helst byta spr\u00e5k i toppmenyn.<\/li>\n<\/ol>\n<p>V\u00e4lkommen att studera p\u00e5 ditt valda spr\u00e5k!<\/p>\n<blockquote><p>Jotta jokainen voisi oppia<br \/>\nS\u00e5 att alla kan l\u00e4ra sig<br \/>\nLearning is for everyone<\/p><\/blockquote>\n","protected":false},"excerpt":{"rendered":"<p>To read this text about eOppiva\u2019s language versions in English, choose &#8221;EN&#8221; from the top menu or click here. Voit lukea t\u00e4m\u00e4n tekstin eOppivan kieliversioista suomeksi valitsemalla &#8221;FI&#8221; yl\u00e4valikosta tai klikkaamalla t\u00e4st\u00e4. eOppiva fungerar p\u00e5 tre spr\u00e5k Du kan v\u00e4lja mellan tre spr\u00e5kalternativ f\u00f6r webbplatsen: finska, svenska eller engelska. Hur fungerar spr\u00e5kvalet? V\u00e4lj spr\u00e5k V\u00e4lj [&hellip;]<\/p>\n","protected":false},"author":6514,"featured_media":0,"parent":249976,"menu_order":0,"comment_status":"closed","ping_status":"closed","template":"tmpl-article.php","meta":{"_acf_changed":false,"inline_featured_image":false,"footnotes":""},"class_list":["post-255498","page","type-page","status-publish","hentry"],"acf":[],"yoast_head":"<!-- This site is optimized with the Yoast SEO Premium plugin v26.1 (Yoast SEO v26.6) - https:\/\/yoast.com\/wordpress\/plugins\/seo\/ -->\n<title>eOppivas spr\u00e5kversioner - eOppiva<\/title>\n<meta name=\"robots\" content=\"noindex, follow, max-snippet:-1, max-image-preview:large, max-video-preview:-1\" \/>\n<meta property=\"og:locale\" content=\"sv_SE\" \/>\n<meta property=\"og:type\" content=\"article\" \/>\n<meta property=\"og:title\" content=\"eOppivas spr\u00e5kversioner\" \/>\n<meta property=\"og:description\" content=\"To read this text about eOppiva\u2019s language versions in English, choose &#8221;EN&#8221; from the top menu or click here. Voit lukea t\u00e4m\u00e4n tekstin eOppivan kieliversioista suomeksi valitsemalla &#8221;FI&#8221; yl\u00e4valikosta tai klikkaamalla t\u00e4st\u00e4. eOppiva fungerar p\u00e5 tre spr\u00e5k Du kan v\u00e4lja mellan tre spr\u00e5kalternativ f\u00f6r webbplatsen: finska, svenska eller engelska. Hur fungerar spr\u00e5kvalet? V\u00e4lj spr\u00e5k V\u00e4lj [&hellip;]\" \/>\n<meta property=\"og:url\" content=\"https:\/\/eoppiva.fi.jj-net.site\/sv\/faq\/eoppivas-sprakversioner\/\" \/>\n<meta property=\"og:site_name\" content=\"eOppiva\" \/>\n<meta property=\"article:publisher\" content=\"https:\/\/www.facebook.com\/eoppiva\" \/>\n<meta property=\"article:modified_time\" content=\"2025-01-26T20:34:45+00:00\" \/>\n<meta name=\"twitter:card\" content=\"summary_large_image\" \/>\n<meta name=\"twitter:site\" content=\"@eoppivafi\" \/>\n<script type=\"application\/ld+json\" class=\"yoast-schema-graph\">{\"@context\":\"https:\/\/schema.org\",\"@graph\":[{\"@type\":\"WebPage\",\"@id\":\"https:\/\/eoppiva.fi.jj-net.site\/sv\/faq\/eoppivas-sprakversioner\/\",\"url\":\"https:\/\/eoppiva.fi.jj-net.site\/sv\/faq\/eoppivas-sprakversioner\/\",\"name\":\"eOppivas spr\u00e5kversioner - eOppiva\",\"isPartOf\":{\"@id\":\"https:\/\/eoppiva.fi.jj-net.site\/#website\"},\"datePublished\":\"2024-08-28T10:44:30+00:00\",\"dateModified\":\"2025-01-26T20:34:45+00:00\",\"breadcrumb\":{\"@id\":\"https:\/\/eoppiva.fi.jj-net.site\/sv\/faq\/eoppivas-sprakversioner\/#breadcrumb\"},\"inLanguage\":\"sv-SE\",\"potentialAction\":[{\"@type\":\"ReadAction\",\"target\":[\"https:\/\/eoppiva.fi.jj-net.site\/sv\/faq\/eoppivas-sprakversioner\/\"]}]},{\"@type\":\"BreadcrumbList\",\"@id\":\"https:\/\/eoppiva.fi.jj-net.site\/sv\/faq\/eoppivas-sprakversioner\/#breadcrumb\",\"itemListElement\":[{\"@type\":\"ListItem\",\"position\":1,\"name\":\"Home\",\"item\":\"https:\/\/eoppiva.fi.jj-net.site\/sv\/\"},{\"@type\":\"ListItem\",\"position\":2,\"name\":\"FAQ\",\"item\":\"https:\/\/eoppiva.fi.jj-net.site\/sv\/faq\/\"},{\"@type\":\"ListItem\",\"position\":3,\"name\":\"eOppivas spr\u00e5kversioner\"}]},{\"@type\":\"WebSite\",\"@id\":\"https:\/\/eoppiva.fi.jj-net.site\/#website\",\"url\":\"https:\/\/eoppiva.fi.jj-net.site\/\",\"name\":\"eOppiva\",\"description\":\"Valtion digitaalinen oppimisymp\u00e4rist\u00f6\",\"publisher\":{\"@id\":\"https:\/\/eoppiva.fi.jj-net.site\/#organization\"},\"potentialAction\":[{\"@type\":\"SearchAction\",\"target\":{\"@type\":\"EntryPoint\",\"urlTemplate\":\"https:\/\/eoppiva.fi.jj-net.site\/?s={search_term_string}\"},\"query-input\":{\"@type\":\"PropertyValueSpecification\",\"valueRequired\":true,\"valueName\":\"search_term_string\"}}],\"inLanguage\":\"sv-SE\"},{\"@type\":\"Organization\",\"@id\":\"https:\/\/eoppiva.fi.jj-net.site\/#organization\",\"name\":\"eOppiva\",\"url\":\"https:\/\/eoppiva.fi.jj-net.site\/\",\"logo\":{\"@type\":\"ImageObject\",\"inLanguage\":\"sv-SE\",\"@id\":\"https:\/\/eoppiva.fi.jj-net.site\/#\/schema\/logo\/image\/\",\"url\":\"https:\/\/eoppiva.fi.jj-net.site\/wp-content\/uploads\/2025\/03\/vihrea-logo-eo-1.png\",\"contentUrl\":\"https:\/\/eoppiva.fi.jj-net.site\/wp-content\/uploads\/2025\/03\/vihrea-logo-eo-1.png\",\"width\":2000,\"height\":2000,\"caption\":\"eOppiva\"},\"image\":{\"@id\":\"https:\/\/eoppiva.fi.jj-net.site\/#\/schema\/logo\/image\/\"},\"sameAs\":[\"https:\/\/www.facebook.com\/eoppiva\",\"https:\/\/x.com\/eoppivafi\",\"https:\/\/www.instagram.com\/eoppiva\/\",\"https:\/\/www.linkedin.com\/company\/eoppiva\"]}]}<\/script>\n<!-- \/ Yoast SEO Premium plugin. -->","yoast_head_json":{"title":"eOppivas spr\u00e5kversioner - eOppiva","robots":{"index":"noindex","follow":"follow","max-snippet":"max-snippet:-1","max-image-preview":"max-image-preview:large","max-video-preview":"max-video-preview:-1"},"og_locale":"sv_SE","og_type":"article","og_title":"eOppivas spr\u00e5kversioner","og_description":"To read this text about eOppiva\u2019s language versions in English, choose &#8221;EN&#8221; from the top menu or click here. Voit lukea t\u00e4m\u00e4n tekstin eOppivan kieliversioista suomeksi valitsemalla &#8221;FI&#8221; yl\u00e4valikosta tai klikkaamalla t\u00e4st\u00e4. eOppiva fungerar p\u00e5 tre spr\u00e5k Du kan v\u00e4lja mellan tre spr\u00e5kalternativ f\u00f6r webbplatsen: finska, svenska eller engelska. Hur fungerar spr\u00e5kvalet? V\u00e4lj spr\u00e5k V\u00e4lj [&hellip;]","og_url":"https:\/\/eoppiva.fi.jj-net.site\/sv\/faq\/eoppivas-sprakversioner\/","og_site_name":"eOppiva","article_publisher":"https:\/\/www.facebook.com\/eoppiva","article_modified_time":"2025-01-26T20:34:45+00:00","twitter_card":"summary_large_image","twitter_site":"@eoppivafi","schema":{"@context":"https:\/\/schema.org","@graph":[{"@type":"WebPage","@id":"https:\/\/eoppiva.fi.jj-net.site\/sv\/faq\/eoppivas-sprakversioner\/","url":"https:\/\/eoppiva.fi.jj-net.site\/sv\/faq\/eoppivas-sprakversioner\/","name":"eOppivas spr\u00e5kversioner - eOppiva","isPartOf":{"@id":"https:\/\/eoppiva.fi.jj-net.site\/#website"},"datePublished":"2024-08-28T10:44:30+00:00","dateModified":"2025-01-26T20:34:45+00:00","breadcrumb":{"@id":"https:\/\/eoppiva.fi.jj-net.site\/sv\/faq\/eoppivas-sprakversioner\/#breadcrumb"},"inLanguage":"sv-SE","potentialAction":[{"@type":"ReadAction","target":["https:\/\/eoppiva.fi.jj-net.site\/sv\/faq\/eoppivas-sprakversioner\/"]}]},{"@type":"BreadcrumbList","@id":"https:\/\/eoppiva.fi.jj-net.site\/sv\/faq\/eoppivas-sprakversioner\/#breadcrumb","itemListElement":[{"@type":"ListItem","position":1,"name":"Home","item":"https:\/\/eoppiva.fi.jj-net.site\/sv\/"},{"@type":"ListItem","position":2,"name":"FAQ","item":"https:\/\/eoppiva.fi.jj-net.site\/sv\/faq\/"},{"@type":"ListItem","position":3,"name":"eOppivas spr\u00e5kversioner"}]},{"@type":"WebSite","@id":"https:\/\/eoppiva.fi.jj-net.site\/#website","url":"https:\/\/eoppiva.fi.jj-net.site\/","name":"eOppiva","description":"Valtion digitaalinen oppimisymp\u00e4rist\u00f6","publisher":{"@id":"https:\/\/eoppiva.fi.jj-net.site\/#organization"},"potentialAction":[{"@type":"SearchAction","target":{"@type":"EntryPoint","urlTemplate":"https:\/\/eoppiva.fi.jj-net.site\/?s={search_term_string}"},"query-input":{"@type":"PropertyValueSpecification","valueRequired":true,"valueName":"search_term_string"}}],"inLanguage":"sv-SE"},{"@type":"Organization","@id":"https:\/\/eoppiva.fi.jj-net.site\/#organization","name":"eOppiva","url":"https:\/\/eoppiva.fi.jj-net.site\/","logo":{"@type":"ImageObject","inLanguage":"sv-SE","@id":"https:\/\/eoppiva.fi.jj-net.site\/#\/schema\/logo\/image\/","url":"https:\/\/eoppiva.fi.jj-net.site\/wp-content\/uploads\/2025\/03\/vihrea-logo-eo-1.png","contentUrl":"https:\/\/eoppiva.fi.jj-net.site\/wp-content\/uploads\/2025\/03\/vihrea-logo-eo-1.png","width":2000,"height":2000,"caption":"eOppiva"},"image":{"@id":"https:\/\/eoppiva.fi.jj-net.site\/#\/schema\/logo\/image\/"},"sameAs":["https:\/\/www.facebook.com\/eoppiva","https:\/\/x.com\/eoppivafi","https:\/\/www.instagram.com\/eoppiva\/","https:\/\/www.linkedin.com\/company\/eoppiva"]}]}},"_links":{"self":[{"href":"https:\/\/eoppiva.fi.jj-net.site\/sv\/wp-json\/wp\/v2\/pages\/255498","targetHints":{"allow":["GET"]}}],"collection":[{"href":"https:\/\/eoppiva.fi.jj-net.site\/sv\/wp-json\/wp\/v2\/pages"}],"about":[{"href":"https:\/\/eoppiva.fi.jj-net.site\/sv\/wp-json\/wp\/v2\/types\/page"}],"author":[{"embeddable":true,"href":"https:\/\/eoppiva.fi.jj-net.site\/sv\/wp-json\/wp\/v2\/users\/6514"}],"replies":[{"embeddable":true,"href":"https:\/\/eoppiva.fi.jj-net.site\/sv\/wp-json\/wp\/v2\/comments?post=255498"}],"version-history":[{"count":5,"href":"https:\/\/eoppiva.fi.jj-net.site\/sv\/wp-json\/wp\/v2\/pages\/255498\/revisions"}],"predecessor-version":[{"id":313567,"href":"https:\/\/eoppiva.fi.jj-net.site\/sv\/wp-json\/wp\/v2\/pages\/255498\/revisions\/313567"}],"up":[{"embeddable":true,"href":"https:\/\/eoppiva.fi.jj-net.site\/sv\/wp-json\/wp\/v2\/pages\/249976"}],"wp:attachment":[{"href":"https:\/\/eoppiva.fi.jj-net.site\/sv\/wp-json\/wp\/v2\/media?parent=255498"}],"curies":[{"name":"wp","href":"https:\/\/api.w.org\/{rel}","templated":true}]}}