{"id":249985,"date":"2024-08-09T10:17:30","date_gmt":"2024-08-09T07:17:30","guid":{"rendered":"https:\/\/eoppiva.fi.jj-net.site\/?page_id=249985"},"modified":"2024-08-09T14:42:45","modified_gmt":"2024-08-09T11:42:45","slug":"vad-ar-eoppiva","status":"publish","type":"page","link":"https:\/\/eoppiva.fi.jj-net.site\/sv\/vad-ar-eoppiva\/","title":{"rendered":"Vad \u00e4r eOppiva?"},"content":{"rendered":"<p>eOppiva \u00e4r den gemensamma l\u00e4rmilj\u00f6n f\u00f6r statsf\u00f6rvaltningen. Den finns f\u00f6r att alla ska kunna l\u00e4ra sig.<\/p>\n<p>Inneh\u00e5llet i eOppiva fokuserar p\u00e5 f\u00f6r\u00e4ndringar och utveckling inom den offentliga f\u00f6rvaltningen, arbetslivet och samh\u00e4llet.<\/p>\n<p>Hundratals personer studerar dagligen p\u00e5 eOppiva, och \u00e5rligen n\u00e5r vi upp till 100 000 anv\u00e4ndare. V\u00e5ra mest popul\u00e4ra utbildningar har genomf\u00f6rts tiotusentals g\u00e5nger. G\u00e5 med i gemenskapen av eOppiva-anv\u00e4ndare!<\/p>\n<h2>Vem \u00e4r eOppiva till f\u00f6r?<\/h2>\n<p>P\u00e5 eOppiva finns utbildningar f\u00f6r statligt anst\u00e4llda, samt \u00f6ppna utbildningar och annat inneh\u00e5ll, som poddar, f\u00f6r alla intresserade. F\u00f6rutom statsf\u00f6rvaltningen anv\u00e4nder m\u00e5nga kommuner, v\u00e4lf\u00e4rdsomr\u00e5den, utbildningsinstitutioner, organisationer och f\u00f6retag eOppiva. Studier p\u00e5 eOppiva \u00e4r kostnadsfria f\u00f6r alla.<\/p>\n<p>eOppiva best\u00e5r av tv\u00e5 delar:<\/p>\n<ul>\n<li>Tj\u00e4nsten eOppiva.fi, d\u00e4r alla gemensamma utbildningar f\u00f6r statsf\u00f6rvaltningen \u00e4r samlade. M\u00e5nga av dessa \u00e4r \u00f6ppna f\u00f6r alla.<\/li>\n<li>eOppivas Moodle-l\u00e4rplattform, som inneh\u00e5ller utbildningar f\u00f6r statsanst\u00e4llda samt interna utbildningar f\u00f6r organisationer.<\/li>\n<\/ul>\n<p><a href=\"https:\/\/eoppiva.fi.jj-net.site\/sv\/faq\/\">L\u00e4s mer p\u00e5 FAQ-sidan.<\/a><\/p>\n<h2>Kom och skapa utbildningar tillsammans med oss!<\/h2>\n<p>Vi producerar utbildningar i samarbete med de b\u00e4sta experterna. I eOppivas spelbok (eOppivan pelikirja, <a href=\"https:\/\/indd.adobe.com\/view\/6a6a8357-a59a-493c-8700-589189bc1dc3\">p\u00e5 finska<\/a> eller <a href=\"https:\/\/indd.adobe.com\/view\/2c4dec99-6038-4031-aac9-e4684f1c2860\">p\u00e5 engelska<\/a>) kan du l\u00e4ra dig om v\u00e5rt s\u00e4tt att planera och genomf\u00f6ra digitala utbildningar med hj\u00e4lp av samskapande metoder. Om du \u00e4r intresserad av att skapa inspirerande och effektfulla digitala utbildningar f\u00f6r din organisation, f\u00f6r hela statsf\u00f6rvaltningen eller f\u00f6r hela v\u00e4rlden via eOppiva, bekanta dig med v\u00e5ra tj\u00e4nster.<\/p>\n<p>F\u00f6rutom gemensamt och \u00f6ppet inneh\u00e5ll erbjuder eOppiva statsf\u00f6rvaltningens organisationer en Moodle-l\u00e4rplattform, d\u00e4r n\u00e4stan alla myndigheter har skapat egna introduktionsprogram och utbildningsv\u00e4gar.<\/p>\n<p>Inneh\u00e5llet, underh\u00e5llet och utvecklingen av eOppiva-tj\u00e4nsten hanteras av eOppiva-teamet p\u00e5 <a href=\"https:\/\/haus.fi\/\">HAUS utvecklingscentrum<\/a>. HAUS \u00e4r partner f\u00f6r kompetensutveckling inom statsf\u00f6rvaltningen. Finansministeriet styr och finansierar eOppiva-tj\u00e4nsten.<\/p>\n","protected":false},"excerpt":{"rendered":"<p>eOppiva \u00e4r den gemensamma l\u00e4rmilj\u00f6n f\u00f6r statsf\u00f6rvaltningen. Den finns f\u00f6r att alla ska kunna l\u00e4ra sig. Inneh\u00e5llet i eOppiva fokuserar p\u00e5 f\u00f6r\u00e4ndringar och utveckling inom den offentliga f\u00f6rvaltningen, arbetslivet och samh\u00e4llet. Hundratals personer studerar dagligen p\u00e5 eOppiva, och \u00e5rligen n\u00e5r vi upp till 100 000 anv\u00e4ndare. V\u00e5ra mest popul\u00e4ra utbildningar har genomf\u00f6rts tiotusentals g\u00e5nger. G\u00e5 [&hellip;]<\/p>\n","protected":false},"author":6514,"featured_media":0,"parent":0,"menu_order":0,"comment_status":"closed","ping_status":"closed","template":"","meta":{"_acf_changed":false,"inline_featured_image":false,"footnotes":""},"class_list":["post-249985","page","type-page","status-publish","hentry"],"acf":[],"yoast_head":"<!-- This site is optimized with the Yoast SEO Premium plugin v26.1 (Yoast SEO v26.6) - https:\/\/yoast.com\/wordpress\/plugins\/seo\/ -->\n<title>Vad \u00e4r eOppiva? - eOppiva<\/title>\n<meta name=\"robots\" content=\"noindex, follow, max-snippet:-1, max-image-preview:large, max-video-preview:-1\" \/>\n<meta property=\"og:locale\" content=\"sv_SE\" \/>\n<meta property=\"og:type\" content=\"article\" \/>\n<meta property=\"og:title\" content=\"Vad \u00e4r eOppiva?\" \/>\n<meta property=\"og:description\" content=\"eOppiva \u00e4r den gemensamma l\u00e4rmilj\u00f6n f\u00f6r statsf\u00f6rvaltningen. Den finns f\u00f6r att alla ska kunna l\u00e4ra sig. Inneh\u00e5llet i eOppiva fokuserar p\u00e5 f\u00f6r\u00e4ndringar och utveckling inom den offentliga f\u00f6rvaltningen, arbetslivet och samh\u00e4llet. Hundratals personer studerar dagligen p\u00e5 eOppiva, och \u00e5rligen n\u00e5r vi upp till 100 000 anv\u00e4ndare. V\u00e5ra mest popul\u00e4ra utbildningar har genomf\u00f6rts tiotusentals g\u00e5nger. G\u00e5 [&hellip;]\" \/>\n<meta property=\"og:url\" content=\"https:\/\/eoppiva.fi.jj-net.site\/sv\/vad-ar-eoppiva\/\" \/>\n<meta property=\"og:site_name\" content=\"eOppiva\" \/>\n<meta property=\"article:publisher\" content=\"https:\/\/www.facebook.com\/eoppiva\" \/>\n<meta property=\"article:modified_time\" content=\"2024-08-09T11:42:45+00:00\" \/>\n<meta name=\"twitter:card\" content=\"summary_large_image\" \/>\n<meta name=\"twitter:site\" content=\"@eoppivafi\" \/>\n<script type=\"application\/ld+json\" class=\"yoast-schema-graph\">{\"@context\":\"https:\/\/schema.org\",\"@graph\":[{\"@type\":\"WebPage\",\"@id\":\"https:\/\/eoppiva.fi.jj-net.site\/sv\/vad-ar-eoppiva\/\",\"url\":\"https:\/\/eoppiva.fi.jj-net.site\/sv\/vad-ar-eoppiva\/\",\"name\":\"Vad \u00e4r eOppiva? - eOppiva\",\"isPartOf\":{\"@id\":\"https:\/\/eoppiva.fi.jj-net.site\/#website\"},\"datePublished\":\"2024-08-09T07:17:30+00:00\",\"dateModified\":\"2024-08-09T11:42:45+00:00\",\"breadcrumb\":{\"@id\":\"https:\/\/eoppiva.fi.jj-net.site\/sv\/vad-ar-eoppiva\/#breadcrumb\"},\"inLanguage\":\"sv-SE\",\"potentialAction\":[{\"@type\":\"ReadAction\",\"target\":[\"https:\/\/eoppiva.fi.jj-net.site\/sv\/vad-ar-eoppiva\/\"]}]},{\"@type\":\"BreadcrumbList\",\"@id\":\"https:\/\/eoppiva.fi.jj-net.site\/sv\/vad-ar-eoppiva\/#breadcrumb\",\"itemListElement\":[{\"@type\":\"ListItem\",\"position\":1,\"name\":\"Home\",\"item\":\"https:\/\/eoppiva.fi.jj-net.site\/sv\/\"},{\"@type\":\"ListItem\",\"position\":2,\"name\":\"Vad \u00e4r eOppiva?\"}]},{\"@type\":\"WebSite\",\"@id\":\"https:\/\/eoppiva.fi.jj-net.site\/#website\",\"url\":\"https:\/\/eoppiva.fi.jj-net.site\/\",\"name\":\"eOppiva\",\"description\":\"Valtion digitaalinen oppimisymp\u00e4rist\u00f6\",\"publisher\":{\"@id\":\"https:\/\/eoppiva.fi.jj-net.site\/#organization\"},\"potentialAction\":[{\"@type\":\"SearchAction\",\"target\":{\"@type\":\"EntryPoint\",\"urlTemplate\":\"https:\/\/eoppiva.fi.jj-net.site\/?s={search_term_string}\"},\"query-input\":{\"@type\":\"PropertyValueSpecification\",\"valueRequired\":true,\"valueName\":\"search_term_string\"}}],\"inLanguage\":\"sv-SE\"},{\"@type\":\"Organization\",\"@id\":\"https:\/\/eoppiva.fi.jj-net.site\/#organization\",\"name\":\"eOppiva\",\"url\":\"https:\/\/eoppiva.fi.jj-net.site\/\",\"logo\":{\"@type\":\"ImageObject\",\"inLanguage\":\"sv-SE\",\"@id\":\"https:\/\/eoppiva.fi.jj-net.site\/#\/schema\/logo\/image\/\",\"url\":\"https:\/\/eoppiva.fi.jj-net.site\/wp-content\/uploads\/2025\/03\/vihrea-logo-eo-1.png\",\"contentUrl\":\"https:\/\/eoppiva.fi.jj-net.site\/wp-content\/uploads\/2025\/03\/vihrea-logo-eo-1.png\",\"width\":2000,\"height\":2000,\"caption\":\"eOppiva\"},\"image\":{\"@id\":\"https:\/\/eoppiva.fi.jj-net.site\/#\/schema\/logo\/image\/\"},\"sameAs\":[\"https:\/\/www.facebook.com\/eoppiva\",\"https:\/\/x.com\/eoppivafi\",\"https:\/\/www.instagram.com\/eoppiva\/\",\"https:\/\/www.linkedin.com\/company\/eoppiva\"]}]}<\/script>\n<!-- \/ Yoast SEO Premium plugin. -->","yoast_head_json":{"title":"Vad \u00e4r eOppiva? - eOppiva","robots":{"index":"noindex","follow":"follow","max-snippet":"max-snippet:-1","max-image-preview":"max-image-preview:large","max-video-preview":"max-video-preview:-1"},"og_locale":"sv_SE","og_type":"article","og_title":"Vad \u00e4r eOppiva?","og_description":"eOppiva \u00e4r den gemensamma l\u00e4rmilj\u00f6n f\u00f6r statsf\u00f6rvaltningen. Den finns f\u00f6r att alla ska kunna l\u00e4ra sig. Inneh\u00e5llet i eOppiva fokuserar p\u00e5 f\u00f6r\u00e4ndringar och utveckling inom den offentliga f\u00f6rvaltningen, arbetslivet och samh\u00e4llet. Hundratals personer studerar dagligen p\u00e5 eOppiva, och \u00e5rligen n\u00e5r vi upp till 100 000 anv\u00e4ndare. V\u00e5ra mest popul\u00e4ra utbildningar har genomf\u00f6rts tiotusentals g\u00e5nger. G\u00e5 [&hellip;]","og_url":"https:\/\/eoppiva.fi.jj-net.site\/sv\/vad-ar-eoppiva\/","og_site_name":"eOppiva","article_publisher":"https:\/\/www.facebook.com\/eoppiva","article_modified_time":"2024-08-09T11:42:45+00:00","twitter_card":"summary_large_image","twitter_site":"@eoppivafi","schema":{"@context":"https:\/\/schema.org","@graph":[{"@type":"WebPage","@id":"https:\/\/eoppiva.fi.jj-net.site\/sv\/vad-ar-eoppiva\/","url":"https:\/\/eoppiva.fi.jj-net.site\/sv\/vad-ar-eoppiva\/","name":"Vad \u00e4r eOppiva? - eOppiva","isPartOf":{"@id":"https:\/\/eoppiva.fi.jj-net.site\/#website"},"datePublished":"2024-08-09T07:17:30+00:00","dateModified":"2024-08-09T11:42:45+00:00","breadcrumb":{"@id":"https:\/\/eoppiva.fi.jj-net.site\/sv\/vad-ar-eoppiva\/#breadcrumb"},"inLanguage":"sv-SE","potentialAction":[{"@type":"ReadAction","target":["https:\/\/eoppiva.fi.jj-net.site\/sv\/vad-ar-eoppiva\/"]}]},{"@type":"BreadcrumbList","@id":"https:\/\/eoppiva.fi.jj-net.site\/sv\/vad-ar-eoppiva\/#breadcrumb","itemListElement":[{"@type":"ListItem","position":1,"name":"Home","item":"https:\/\/eoppiva.fi.jj-net.site\/sv\/"},{"@type":"ListItem","position":2,"name":"Vad \u00e4r eOppiva?"}]},{"@type":"WebSite","@id":"https:\/\/eoppiva.fi.jj-net.site\/#website","url":"https:\/\/eoppiva.fi.jj-net.site\/","name":"eOppiva","description":"Valtion digitaalinen oppimisymp\u00e4rist\u00f6","publisher":{"@id":"https:\/\/eoppiva.fi.jj-net.site\/#organization"},"potentialAction":[{"@type":"SearchAction","target":{"@type":"EntryPoint","urlTemplate":"https:\/\/eoppiva.fi.jj-net.site\/?s={search_term_string}"},"query-input":{"@type":"PropertyValueSpecification","valueRequired":true,"valueName":"search_term_string"}}],"inLanguage":"sv-SE"},{"@type":"Organization","@id":"https:\/\/eoppiva.fi.jj-net.site\/#organization","name":"eOppiva","url":"https:\/\/eoppiva.fi.jj-net.site\/","logo":{"@type":"ImageObject","inLanguage":"sv-SE","@id":"https:\/\/eoppiva.fi.jj-net.site\/#\/schema\/logo\/image\/","url":"https:\/\/eoppiva.fi.jj-net.site\/wp-content\/uploads\/2025\/03\/vihrea-logo-eo-1.png","contentUrl":"https:\/\/eoppiva.fi.jj-net.site\/wp-content\/uploads\/2025\/03\/vihrea-logo-eo-1.png","width":2000,"height":2000,"caption":"eOppiva"},"image":{"@id":"https:\/\/eoppiva.fi.jj-net.site\/#\/schema\/logo\/image\/"},"sameAs":["https:\/\/www.facebook.com\/eoppiva","https:\/\/x.com\/eoppivafi","https:\/\/www.instagram.com\/eoppiva\/","https:\/\/www.linkedin.com\/company\/eoppiva"]}]}},"_links":{"self":[{"href":"https:\/\/eoppiva.fi.jj-net.site\/sv\/wp-json\/wp\/v2\/pages\/249985","targetHints":{"allow":["GET"]}}],"collection":[{"href":"https:\/\/eoppiva.fi.jj-net.site\/sv\/wp-json\/wp\/v2\/pages"}],"about":[{"href":"https:\/\/eoppiva.fi.jj-net.site\/sv\/wp-json\/wp\/v2\/types\/page"}],"author":[{"embeddable":true,"href":"https:\/\/eoppiva.fi.jj-net.site\/sv\/wp-json\/wp\/v2\/users\/6514"}],"replies":[{"embeddable":true,"href":"https:\/\/eoppiva.fi.jj-net.site\/sv\/wp-json\/wp\/v2\/comments?post=249985"}],"version-history":[{"count":4,"href":"https:\/\/eoppiva.fi.jj-net.site\/sv\/wp-json\/wp\/v2\/pages\/249985\/revisions"}],"predecessor-version":[{"id":250221,"href":"https:\/\/eoppiva.fi.jj-net.site\/sv\/wp-json\/wp\/v2\/pages\/249985\/revisions\/250221"}],"wp:attachment":[{"href":"https:\/\/eoppiva.fi.jj-net.site\/sv\/wp-json\/wp\/v2\/media?parent=249985"}],"curies":[{"name":"wp","href":"https:\/\/api.w.org\/{rel}","templated":true}]}}