{"id":249982,"date":"2024-08-09T10:16:35","date_gmt":"2024-08-09T07:16:35","guid":{"rendered":"https:\/\/eoppiva.fi.jj-net.site\/?page_id=249982"},"modified":"2024-08-09T11:35:21","modified_gmt":"2024-08-09T08:35:21","slug":"integritetspolicy","status":"publish","type":"page","link":"https:\/\/eoppiva.fi.jj-net.site\/sv\/integritetspolicy\/","title":{"rendered":"Integritetspolicy"},"content":{"rendered":"<h2>Register namn<\/h2>\n<p>eOppiva.fi-webbtj\u00e4nstens anv\u00e4ndarregister<\/p>\n<h2>Registeransvarig<\/h2>\n<p>HAUS kehitt\u00e4miskeskus Oy<br \/>\nUniversitetsgatan 5<br \/>\n00101 Helsingfors<\/p>\n<h2>Kontaktperson f\u00f6r integritetspolicy<\/h2>\n<p>Tuuli Kurkip\u00e4\u00e4<br id=\"yui_3_17_2_1_1581498066738_1351\" \/>0400 250 675, tuuli.kurkipaa@haus.fi<\/p>\n<h2>Syftet och r\u00e4ttslig grund f\u00f6r behandlingen av personuppgifter<\/h2>\n<p>Syftet med behandlingen av personuppgifter \u00e4r att erbjuda dig ett intyg om deltagande i eOppiva&#8217;s \u00f6ppna utbildningar.<\/p>\n<p>Om du skapar ett anv\u00e4ndarnamn skapas en profil d\u00e4r dina prestationer fr\u00e5n \u00f6ppna utbildningar sparas. Du kan \u00e4ven spara dina favoriter och ange dina intressen, vilket hj\u00e4lper oss att rekommendera inneh\u00e5ll.<\/p>\n<p>Behandlingen av personuppgifter baseras p\u00e5 den registrerades samtycke.<\/p>\n<h2>Registerinneh\u00e5ll<\/h2>\n<p>I registret sparas information som du sj\u00e4lv l\u00e4mnar p\u00e5 webbplatsen www.eoppiva.fi:<\/p>\n<ul>\n<li>Namn<\/li>\n<li>E-postadress<\/li>\n<li>Organisation<\/li>\n<li>Intressen<\/li>\n<\/ul>\n<p>samt information som systemet genererar:<\/p>\n<ul>\n<li>Genomf\u00f6rda utbildningar<\/li>\n<li>Genomf\u00f6randedatum<\/li>\n<\/ul>\n<h2>Regelbundna informationsk\u00e4llor<\/h2>\n<p>Registret sammans\u00e4tts av uppgifter som du sj\u00e4lv l\u00e4mnar p\u00e5 www.eoppiva.fi.<\/p>\n<h2>Regelbundna \u00f6verf\u00f6ringar av uppgifter<\/h2>\n<p>Vi \u00f6verl\u00e4mnar inte personuppgifter till tredje part.<\/p>\n<h2>Uppbevaringstid f\u00f6r uppgifter<\/h2>\n<p>Vi tar regelbundet bort tempor\u00e4ra uppgifter (e-postadress f\u00f6r att skicka intyg) var 2 m\u00e5nader eller anonymiserar dem s\u00e5 att enskilda personer inte l\u00e4ngre kan identifieras.<\/p>\n<p>Om du har skapat ett konto beh\u00e5ller vi dina uppgifter enligt g\u00e4llande lagstiftning och s\u00e5 l\u00e4nge det \u00e4r n\u00f6dv\u00e4ndigt. Du kan n\u00e4r som helst se, redigera och radera dina personuppgifter. Vi tar bort f\u00f6r\u00e5ldrade och felaktiga uppgifter.<\/p>\n<h2>\u00d6verf\u00f6ring av uppgifter utanf\u00f6r EU eller EES<\/h2>\n<p>Uppgifterna i registret \u00f6verf\u00f6rs inte utanf\u00f6r EU eller EES.<\/p>\n<h2>Skydd av registret<\/h2>\n<p>Personuppgifter behandlas konfidentiellt. Registeransvarig och dess IT-partners skyddar n\u00e4tverk och utrustning med brandv\u00e4ggar och l\u00e4mpliga tekniska skydds\u00e5tg\u00e4rder. Registeruppgifter lagras p\u00e5 servrar i Finland. Uppgifterna i registret skyddas s\u00e4kert och endast beh\u00f6rig personal vid HAUS Utvecklingscenter Ab har tillg\u00e5ng till dem. Systemanv\u00e4ndningen \u00f6vervakas och \u00e5tkomsten \u00e4r begr\u00e4nsad. Anv\u00e4ndaren identifieras med anv\u00e4ndarnamn och l\u00f6senord.<\/p>\n<h2>Andra r\u00e4ttigheter f\u00f6r den registrerade<\/h2>\n<p>Du har:<\/p>\n<ul>\n<li>R\u00e4tt att beg\u00e4ra tillg\u00e5ng till dina personuppgifter och anv\u00e4nda denna r\u00e4tt med j\u00e4mna mellanrum.<\/li>\n<li>R\u00e4tt att beg\u00e4ra r\u00e4ttelse eller radering av dina uppgifter. Du har r\u00e4tt att f\u00e5 dina personuppgifter raderade n\u00e4r de inte l\u00e4ngre beh\u00f6vs f\u00f6r det \u00e4ndam\u00e5l de samlades in f\u00f6r, om du har inv\u00e4nt mot behandlingen av dina personuppgifter eller om behandlingen p\u00e5 annat s\u00e4tt inte \u00f6verensst\u00e4mmer med dataskyddsf\u00f6rordningens best\u00e4mmelser.<\/li>\n<li>R\u00e4tt att beg\u00e4ra begr\u00e4nsning av behandlingen, s\u00e5som \u00f6verf\u00f6ring av uppgifter till ett annat behandlingssystem, begr\u00e4nsning av anv\u00e4ndares \u00e5tkomst till vissa personuppgifter eller tillf\u00e4llig borttagning av publicerad information fr\u00e5n webbplatser.<\/li>\n<li>R\u00e4tt att mots\u00e4tta sig direktmarknadsf\u00f6ring.<\/li>\n<\/ul>\n<p>Kontakta registeransvarig vid behov: tietosuoja@haus.fi.<\/p>\n<p>Du har ocks\u00e5 r\u00e4tt att l\u00e4mna in klagom\u00e5l till tillsynsmyndigheten.<\/p>\n","protected":false},"excerpt":{"rendered":"<p>Register namn eOppiva.fi-webbtj\u00e4nstens anv\u00e4ndarregister Registeransvarig HAUS kehitt\u00e4miskeskus Oy Universitetsgatan 5 00101 Helsingfors Kontaktperson f\u00f6r integritetspolicy Tuuli Kurkip\u00e4\u00e40400 250 675, tuuli.kurkipaa@haus.fi Syftet och r\u00e4ttslig grund f\u00f6r behandlingen av personuppgifter Syftet med behandlingen av personuppgifter \u00e4r att erbjuda dig ett intyg om deltagande i eOppiva&#8217;s \u00f6ppna utbildningar. Om du skapar ett anv\u00e4ndarnamn skapas en profil d\u00e4r dina [&hellip;]<\/p>\n","protected":false},"author":6514,"featured_media":117044,"parent":0,"menu_order":0,"comment_status":"open","ping_status":"closed","template":"tmpl-article.php","meta":{"_acf_changed":false,"inline_featured_image":false,"footnotes":""},"class_list":["post-249982","page","type-page","status-publish","has-post-thumbnail","hentry"],"acf":[],"yoast_head":"<!-- This site is optimized with the Yoast SEO Premium plugin v26.1 (Yoast SEO v26.6) - https:\/\/yoast.com\/wordpress\/plugins\/seo\/ -->\n<title>Integritetspolicy - eOppiva<\/title>\n<meta name=\"robots\" content=\"noindex, follow, max-snippet:-1, max-image-preview:large, max-video-preview:-1\" \/>\n<meta property=\"og:locale\" content=\"sv_SE\" \/>\n<meta property=\"og:type\" content=\"article\" \/>\n<meta property=\"og:title\" content=\"Integritetspolicy\" \/>\n<meta property=\"og:description\" content=\"Register namn eOppiva.fi-webbtj\u00e4nstens anv\u00e4ndarregister Registeransvarig HAUS kehitt\u00e4miskeskus Oy Universitetsgatan 5 00101 Helsingfors Kontaktperson f\u00f6r integritetspolicy Tuuli Kurkip\u00e4\u00e40400 250 675, tuuli.kurkipaa@haus.fi Syftet och r\u00e4ttslig grund f\u00f6r behandlingen av personuppgifter Syftet med behandlingen av personuppgifter \u00e4r att erbjuda dig ett intyg om deltagande i eOppiva&#8217;s \u00f6ppna utbildningar. Om du skapar ett anv\u00e4ndarnamn skapas en profil d\u00e4r dina [&hellip;]\" \/>\n<meta property=\"og:url\" content=\"https:\/\/eoppiva.fi.jj-net.site\/sv\/integritetspolicy\/\" \/>\n<meta property=\"og:site_name\" content=\"eOppiva\" \/>\n<meta property=\"article:publisher\" content=\"https:\/\/www.facebook.com\/eoppiva\" \/>\n<meta property=\"article:modified_time\" content=\"2024-08-09T08:35:21+00:00\" \/>\n<meta property=\"og:image\" content=\"https:\/\/eoppiva.fi.jj-net.site\/wp-content\/uploads\/2020\/03\/jaatesti.png\" \/>\n\t<meta property=\"og:image:width\" content=\"1280\" \/>\n\t<meta property=\"og:image:height\" content=\"720\" \/>\n\t<meta property=\"og:image:type\" content=\"image\/png\" \/>\n<meta name=\"twitter:card\" content=\"summary_large_image\" \/>\n<meta name=\"twitter:site\" content=\"@eoppivafi\" \/>\n<script type=\"application\/ld+json\" class=\"yoast-schema-graph\">{\"@context\":\"https:\/\/schema.org\",\"@graph\":[{\"@type\":\"WebPage\",\"@id\":\"https:\/\/eoppiva.fi.jj-net.site\/sv\/integritetspolicy\/\",\"url\":\"https:\/\/eoppiva.fi.jj-net.site\/sv\/integritetspolicy\/\",\"name\":\"Integritetspolicy - eOppiva\",\"isPartOf\":{\"@id\":\"https:\/\/eoppiva.fi.jj-net.site\/#website\"},\"primaryImageOfPage\":{\"@id\":\"https:\/\/eoppiva.fi.jj-net.site\/sv\/integritetspolicy\/#primaryimage\"},\"image\":{\"@id\":\"https:\/\/eoppiva.fi.jj-net.site\/sv\/integritetspolicy\/#primaryimage\"},\"thumbnailUrl\":\"https:\/\/eoppiva.fi.jj-net.site\/wp-content\/uploads\/2020\/03\/jaatesti.png\",\"datePublished\":\"2024-08-09T07:16:35+00:00\",\"dateModified\":\"2024-08-09T08:35:21+00:00\",\"breadcrumb\":{\"@id\":\"https:\/\/eoppiva.fi.jj-net.site\/sv\/integritetspolicy\/#breadcrumb\"},\"inLanguage\":\"sv-SE\",\"potentialAction\":[{\"@type\":\"ReadAction\",\"target\":[\"https:\/\/eoppiva.fi.jj-net.site\/sv\/integritetspolicy\/\"]}]},{\"@type\":\"ImageObject\",\"inLanguage\":\"sv-SE\",\"@id\":\"https:\/\/eoppiva.fi.jj-net.site\/sv\/integritetspolicy\/#primaryimage\",\"url\":\"https:\/\/eoppiva.fi.jj-net.site\/wp-content\/uploads\/2020\/03\/jaatesti.png\",\"contentUrl\":\"https:\/\/eoppiva.fi.jj-net.site\/wp-content\/uploads\/2020\/03\/jaatesti.png\",\"width\":1280,\"height\":720},{\"@type\":\"BreadcrumbList\",\"@id\":\"https:\/\/eoppiva.fi.jj-net.site\/sv\/integritetspolicy\/#breadcrumb\",\"itemListElement\":[{\"@type\":\"ListItem\",\"position\":1,\"name\":\"Home\",\"item\":\"https:\/\/eoppiva.fi.jj-net.site\/sv\/\"},{\"@type\":\"ListItem\",\"position\":2,\"name\":\"Integritetspolicy\"}]},{\"@type\":\"WebSite\",\"@id\":\"https:\/\/eoppiva.fi.jj-net.site\/#website\",\"url\":\"https:\/\/eoppiva.fi.jj-net.site\/\",\"name\":\"eOppiva\",\"description\":\"Valtion digitaalinen oppimisymp\u00e4rist\u00f6\",\"publisher\":{\"@id\":\"https:\/\/eoppiva.fi.jj-net.site\/#organization\"},\"potentialAction\":[{\"@type\":\"SearchAction\",\"target\":{\"@type\":\"EntryPoint\",\"urlTemplate\":\"https:\/\/eoppiva.fi.jj-net.site\/?s={search_term_string}\"},\"query-input\":{\"@type\":\"PropertyValueSpecification\",\"valueRequired\":true,\"valueName\":\"search_term_string\"}}],\"inLanguage\":\"sv-SE\"},{\"@type\":\"Organization\",\"@id\":\"https:\/\/eoppiva.fi.jj-net.site\/#organization\",\"name\":\"eOppiva\",\"url\":\"https:\/\/eoppiva.fi.jj-net.site\/\",\"logo\":{\"@type\":\"ImageObject\",\"inLanguage\":\"sv-SE\",\"@id\":\"https:\/\/eoppiva.fi.jj-net.site\/#\/schema\/logo\/image\/\",\"url\":\"https:\/\/eoppiva.fi.jj-net.site\/wp-content\/uploads\/2025\/03\/vihrea-logo-eo-1.png\",\"contentUrl\":\"https:\/\/eoppiva.fi.jj-net.site\/wp-content\/uploads\/2025\/03\/vihrea-logo-eo-1.png\",\"width\":2000,\"height\":2000,\"caption\":\"eOppiva\"},\"image\":{\"@id\":\"https:\/\/eoppiva.fi.jj-net.site\/#\/schema\/logo\/image\/\"},\"sameAs\":[\"https:\/\/www.facebook.com\/eoppiva\",\"https:\/\/x.com\/eoppivafi\",\"https:\/\/www.instagram.com\/eoppiva\/\",\"https:\/\/www.linkedin.com\/company\/eoppiva\"]}]}<\/script>\n<!-- \/ Yoast SEO Premium plugin. -->","yoast_head_json":{"title":"Integritetspolicy - eOppiva","robots":{"index":"noindex","follow":"follow","max-snippet":"max-snippet:-1","max-image-preview":"max-image-preview:large","max-video-preview":"max-video-preview:-1"},"og_locale":"sv_SE","og_type":"article","og_title":"Integritetspolicy","og_description":"Register namn eOppiva.fi-webbtj\u00e4nstens anv\u00e4ndarregister Registeransvarig HAUS kehitt\u00e4miskeskus Oy Universitetsgatan 5 00101 Helsingfors Kontaktperson f\u00f6r integritetspolicy Tuuli Kurkip\u00e4\u00e40400 250 675, tuuli.kurkipaa@haus.fi Syftet och r\u00e4ttslig grund f\u00f6r behandlingen av personuppgifter Syftet med behandlingen av personuppgifter \u00e4r att erbjuda dig ett intyg om deltagande i eOppiva&#8217;s \u00f6ppna utbildningar. Om du skapar ett anv\u00e4ndarnamn skapas en profil d\u00e4r dina [&hellip;]","og_url":"https:\/\/eoppiva.fi.jj-net.site\/sv\/integritetspolicy\/","og_site_name":"eOppiva","article_publisher":"https:\/\/www.facebook.com\/eoppiva","article_modified_time":"2024-08-09T08:35:21+00:00","og_image":[{"width":1280,"height":720,"url":"https:\/\/eoppiva.fi.jj-net.site\/wp-content\/uploads\/2020\/03\/jaatesti.png","type":"image\/png"}],"twitter_card":"summary_large_image","twitter_site":"@eoppivafi","schema":{"@context":"https:\/\/schema.org","@graph":[{"@type":"WebPage","@id":"https:\/\/eoppiva.fi.jj-net.site\/sv\/integritetspolicy\/","url":"https:\/\/eoppiva.fi.jj-net.site\/sv\/integritetspolicy\/","name":"Integritetspolicy - eOppiva","isPartOf":{"@id":"https:\/\/eoppiva.fi.jj-net.site\/#website"},"primaryImageOfPage":{"@id":"https:\/\/eoppiva.fi.jj-net.site\/sv\/integritetspolicy\/#primaryimage"},"image":{"@id":"https:\/\/eoppiva.fi.jj-net.site\/sv\/integritetspolicy\/#primaryimage"},"thumbnailUrl":"https:\/\/eoppiva.fi.jj-net.site\/wp-content\/uploads\/2020\/03\/jaatesti.png","datePublished":"2024-08-09T07:16:35+00:00","dateModified":"2024-08-09T08:35:21+00:00","breadcrumb":{"@id":"https:\/\/eoppiva.fi.jj-net.site\/sv\/integritetspolicy\/#breadcrumb"},"inLanguage":"sv-SE","potentialAction":[{"@type":"ReadAction","target":["https:\/\/eoppiva.fi.jj-net.site\/sv\/integritetspolicy\/"]}]},{"@type":"ImageObject","inLanguage":"sv-SE","@id":"https:\/\/eoppiva.fi.jj-net.site\/sv\/integritetspolicy\/#primaryimage","url":"https:\/\/eoppiva.fi.jj-net.site\/wp-content\/uploads\/2020\/03\/jaatesti.png","contentUrl":"https:\/\/eoppiva.fi.jj-net.site\/wp-content\/uploads\/2020\/03\/jaatesti.png","width":1280,"height":720},{"@type":"BreadcrumbList","@id":"https:\/\/eoppiva.fi.jj-net.site\/sv\/integritetspolicy\/#breadcrumb","itemListElement":[{"@type":"ListItem","position":1,"name":"Home","item":"https:\/\/eoppiva.fi.jj-net.site\/sv\/"},{"@type":"ListItem","position":2,"name":"Integritetspolicy"}]},{"@type":"WebSite","@id":"https:\/\/eoppiva.fi.jj-net.site\/#website","url":"https:\/\/eoppiva.fi.jj-net.site\/","name":"eOppiva","description":"Valtion digitaalinen oppimisymp\u00e4rist\u00f6","publisher":{"@id":"https:\/\/eoppiva.fi.jj-net.site\/#organization"},"potentialAction":[{"@type":"SearchAction","target":{"@type":"EntryPoint","urlTemplate":"https:\/\/eoppiva.fi.jj-net.site\/?s={search_term_string}"},"query-input":{"@type":"PropertyValueSpecification","valueRequired":true,"valueName":"search_term_string"}}],"inLanguage":"sv-SE"},{"@type":"Organization","@id":"https:\/\/eoppiva.fi.jj-net.site\/#organization","name":"eOppiva","url":"https:\/\/eoppiva.fi.jj-net.site\/","logo":{"@type":"ImageObject","inLanguage":"sv-SE","@id":"https:\/\/eoppiva.fi.jj-net.site\/#\/schema\/logo\/image\/","url":"https:\/\/eoppiva.fi.jj-net.site\/wp-content\/uploads\/2025\/03\/vihrea-logo-eo-1.png","contentUrl":"https:\/\/eoppiva.fi.jj-net.site\/wp-content\/uploads\/2025\/03\/vihrea-logo-eo-1.png","width":2000,"height":2000,"caption":"eOppiva"},"image":{"@id":"https:\/\/eoppiva.fi.jj-net.site\/#\/schema\/logo\/image\/"},"sameAs":["https:\/\/www.facebook.com\/eoppiva","https:\/\/x.com\/eoppivafi","https:\/\/www.instagram.com\/eoppiva\/","https:\/\/www.linkedin.com\/company\/eoppiva"]}]}},"_links":{"self":[{"href":"https:\/\/eoppiva.fi.jj-net.site\/sv\/wp-json\/wp\/v2\/pages\/249982","targetHints":{"allow":["GET"]}}],"collection":[{"href":"https:\/\/eoppiva.fi.jj-net.site\/sv\/wp-json\/wp\/v2\/pages"}],"about":[{"href":"https:\/\/eoppiva.fi.jj-net.site\/sv\/wp-json\/wp\/v2\/types\/page"}],"author":[{"embeddable":true,"href":"https:\/\/eoppiva.fi.jj-net.site\/sv\/wp-json\/wp\/v2\/users\/6514"}],"replies":[{"embeddable":true,"href":"https:\/\/eoppiva.fi.jj-net.site\/sv\/wp-json\/wp\/v2\/comments?post=249982"}],"version-history":[{"count":3,"href":"https:\/\/eoppiva.fi.jj-net.site\/sv\/wp-json\/wp\/v2\/pages\/249982\/revisions"}],"predecessor-version":[{"id":250065,"href":"https:\/\/eoppiva.fi.jj-net.site\/sv\/wp-json\/wp\/v2\/pages\/249982\/revisions\/250065"}],"wp:featuredmedia":[{"embeddable":true,"href":"https:\/\/eoppiva.fi.jj-net.site\/sv\/wp-json\/wp\/v2\/media\/117044"}],"wp:attachment":[{"href":"https:\/\/eoppiva.fi.jj-net.site\/sv\/wp-json\/wp\/v2\/media?parent=249982"}],"curies":[{"name":"wp","href":"https:\/\/api.w.org\/{rel}","templated":true}]}}