{"id":247403,"date":"2024-08-01T15:13:16","date_gmt":"2024-08-01T12:13:16","guid":{"rendered":"https:\/\/eoppiva.fi.jj-net.site\/?page_id=247403"},"modified":"2024-10-31T15:35:40","modified_gmt":"2024-10-31T13:35:40","slug":"eoppivas-anvandarorganisationer","status":"publish","type":"page","link":"https:\/\/eoppiva.fi.jj-net.site\/sv\/faq\/eoppivas-anvandarorganisationer\/","title":{"rendered":"eOppivas anv\u00e4ndarorganisationer"},"content":{"rendered":"<p>Med dessa e-postadresser fr\u00e5n statliga organisationer kan du skapa en anv\u00e4ndarkonto i eOppivas Moodle.<\/p>\n<p>Anv\u00e4nd dock i f\u00f6rsta hand Virtu-inloggning om det \u00e4r tillg\u00e4ngligt i din organisation.<\/p>\n<ul>\n<li>112.fi<\/li>\n<li>aka.fi<\/li>\n<li>ams-aland.fi<\/li>\n<li>ambetsverket.fi<\/li>\n<li>ara.fi<\/li>\n<li>avi.fi<\/li>\n<li>bof.fi<\/li>\n<li>businessfinland.fi<\/li>\n<li>celia.fi<\/li>\n<li>cmcfinland.fi<\/li>\n<li>dvv.fi<\/li>\n<li>edu.polamk.fi<\/li>\n<li>eduskunta.fi<\/li>\n<li>ely-keskus.fi<\/li>\n<li>energiavirasto.fi<\/li>\n<li>esh.fi<\/li>\n<li>fiia.fi<\/li>\n<li>fimea.fi<\/li>\n<li>finanssivalvonta.fi<\/li>\n<li>fmi.fi<\/li>\n<li>formin.fi<\/li>\n<li>gov.fi<\/li>\n<li>gtk.fi<\/li>\n<li>hansel.fi<\/li>\n<li>haus.fi<\/li>\n<li>hauscollege.fi<\/li>\n<li>heuni.fi<\/li>\n<li>hrsk.fi<\/li>\n<li>ihmisoikeuskeskus.fi<\/li>\n<li>ilmavoimat.fi<\/li>\n<li>intermin.fi<\/li>\n<li>jotpa.fi<\/li>\n<li>kansallisarkisto.fi<\/li>\n<li>kansallismuseo.fi<\/li>\n<li>karvi.fi<\/li>\n<li>kavi.fi<\/li>\n<li>keha-keskus.fi<\/li>\n<li>kela.fi<\/li>\n<li>kkv.fi<\/li>\n<li>kotus.fi<\/li>\n<li>luke.fi<\/li>\n<li>maanmittauslaitos.fi<\/li>\n<li>maavoimat.fi<\/li>\n<li>meriturva.fi<\/li>\n<li>metsa.fi<\/li>\n<li>migri.fi<\/li>\n<li>mil.fi<\/li>\n<li>mpkk.fi<\/li>\n<li>museovirasto.fi<\/li>\n<li>nba.fi<\/li>\n<li>nesa.fi<\/li>\n<li>niuva.fi<\/li>\n<li>nrl.fi<\/li>\n<li>oikeus.fi<\/li>\n<li>okv.fi<\/li>\n<li>om.fi<\/li>\n<li>oph.fi<\/li>\n<li>optum.fi<\/li>\n<li>palkeet.fi<\/li>\n<li>pelastusopisto.fi<\/li>\n<li>polamk.fi<\/li>\n<li>poliisi.fi<\/li>\n<li>prh.fi<\/li>\n<li>puolustuskiinteistot.fi<\/li>\n<li>raja.fi<\/li>\n<li>ruokavirasto.fi<\/li>\n<li>rvv.fi<\/li>\n<li>samu.fi<\/li>\n<li>senaatti.fi<\/li>\n<li>sitra.fi<\/li>\n<li>sogsakk.fi<\/li>\n<li>stat.fi<\/li>\n<li>stuk.fi<\/li>\n<li>suomenlinna.fi<\/li>\n<li>svk-edu.fi<\/li>\n<li>syke.fi<\/li>\n<li>taike.fi<\/li>\n<li>tane.fi<\/li>\n<li>te-toimisto.fi<\/li>\n<li>thl.fi<\/li>\n<li>tilastokeskus.fi<\/li>\n<li>tpk.fi<\/li>\n<li>traficom.fi<\/li>\n<li>tukes.fi<\/li>\n<li>tulli.fi<\/li>\n<li>turvallisuuskomitea.fi<\/li>\n<li>valteri.fi<\/li>\n<li>valtiokonttori.fi<\/li>\n<li>valtionkoulukodit.fi<\/li>\n<li>valtori.fi<\/li>\n<li>valvira.fi<\/li>\n<li>varastokirjasto.fi<\/li>\n<li>vatt.fi<\/li>\n<li>vayla.fi<\/li>\n<li>ver.fi<\/li>\n<li>vero.fi<\/li>\n<li>vth.fi<\/li>\n<li>vtv.fi<\/li>\n<li>vvs.fi<\/li>\n<li>ylioppilastutkinto.fi<\/li>\n<li>ymparisto.fi<\/li>\n<\/ul>\n","protected":false},"excerpt":{"rendered":"<p>Med dessa e-postadresser fr\u00e5n statliga organisationer kan du skapa en anv\u00e4ndarkonto i eOppivas Moodle. Anv\u00e4nd dock i f\u00f6rsta hand Virtu-inloggning om det \u00e4r tillg\u00e4ngligt i din organisation. 112.fi aka.fi ams-aland.fi ambetsverket.fi ara.fi avi.fi bof.fi businessfinland.fi celia.fi cmcfinland.fi dvv.fi edu.polamk.fi eduskunta.fi ely-keskus.fi energiavirasto.fi esh.fi fiia.fi fimea.fi finanssivalvonta.fi fmi.fi formin.fi gov.fi gtk.fi hansel.fi haus.fi hauscollege.fi heuni.fi hrsk.fi [&hellip;]<\/p>\n","protected":false},"author":6514,"featured_media":0,"parent":249976,"menu_order":0,"comment_status":"open","ping_status":"closed","template":"tmpl-article.php","meta":{"_acf_changed":false,"inline_featured_image":false,"footnotes":""},"class_list":["post-247403","page","type-page","status-publish","hentry"],"acf":[],"yoast_head":"<!-- This site is optimized with the Yoast SEO Premium plugin v26.1 (Yoast SEO v26.6) - https:\/\/yoast.com\/wordpress\/plugins\/seo\/ -->\n<title>eOppivas anv\u00e4ndarorganisationer - eOppiva<\/title>\n<meta name=\"robots\" content=\"noindex, follow, max-snippet:-1, max-image-preview:large, max-video-preview:-1\" \/>\n<meta property=\"og:locale\" content=\"sv_SE\" \/>\n<meta property=\"og:type\" content=\"article\" \/>\n<meta property=\"og:title\" content=\"eOppivas anv\u00e4ndarorganisationer\" \/>\n<meta property=\"og:description\" content=\"Med dessa e-postadresser fr\u00e5n statliga organisationer kan du skapa en anv\u00e4ndarkonto i eOppivas Moodle. Anv\u00e4nd dock i f\u00f6rsta hand Virtu-inloggning om det \u00e4r tillg\u00e4ngligt i din organisation. 112.fi aka.fi ams-aland.fi ambetsverket.fi ara.fi avi.fi bof.fi businessfinland.fi celia.fi cmcfinland.fi dvv.fi edu.polamk.fi eduskunta.fi ely-keskus.fi energiavirasto.fi esh.fi fiia.fi fimea.fi finanssivalvonta.fi fmi.fi formin.fi gov.fi gtk.fi hansel.fi haus.fi hauscollege.fi heuni.fi hrsk.fi [&hellip;]\" \/>\n<meta property=\"og:url\" content=\"https:\/\/eoppiva.fi.jj-net.site\/sv\/faq\/eoppivas-anvandarorganisationer\/\" \/>\n<meta property=\"og:site_name\" content=\"eOppiva\" \/>\n<meta property=\"article:publisher\" content=\"https:\/\/www.facebook.com\/eoppiva\" \/>\n<meta property=\"article:modified_time\" content=\"2024-10-31T13:35:40+00:00\" \/>\n<meta name=\"twitter:card\" content=\"summary_large_image\" \/>\n<meta name=\"twitter:site\" content=\"@eoppivafi\" \/>\n<script type=\"application\/ld+json\" class=\"yoast-schema-graph\">{\"@context\":\"https:\/\/schema.org\",\"@graph\":[{\"@type\":\"WebPage\",\"@id\":\"https:\/\/eoppiva.fi.jj-net.site\/sv\/faq\/eoppivas-anvandarorganisationer\/\",\"url\":\"https:\/\/eoppiva.fi.jj-net.site\/sv\/faq\/eoppivas-anvandarorganisationer\/\",\"name\":\"eOppivas anv\u00e4ndarorganisationer - eOppiva\",\"isPartOf\":{\"@id\":\"https:\/\/eoppiva.fi.jj-net.site\/#website\"},\"datePublished\":\"2024-08-01T12:13:16+00:00\",\"dateModified\":\"2024-10-31T13:35:40+00:00\",\"breadcrumb\":{\"@id\":\"https:\/\/eoppiva.fi.jj-net.site\/sv\/faq\/eoppivas-anvandarorganisationer\/#breadcrumb\"},\"inLanguage\":\"sv-SE\",\"potentialAction\":[{\"@type\":\"ReadAction\",\"target\":[\"https:\/\/eoppiva.fi.jj-net.site\/sv\/faq\/eoppivas-anvandarorganisationer\/\"]}]},{\"@type\":\"BreadcrumbList\",\"@id\":\"https:\/\/eoppiva.fi.jj-net.site\/sv\/faq\/eoppivas-anvandarorganisationer\/#breadcrumb\",\"itemListElement\":[{\"@type\":\"ListItem\",\"position\":1,\"name\":\"Home\",\"item\":\"https:\/\/eoppiva.fi.jj-net.site\/sv\/\"},{\"@type\":\"ListItem\",\"position\":2,\"name\":\"FAQ\",\"item\":\"https:\/\/eoppiva.fi.jj-net.site\/sv\/faq\/\"},{\"@type\":\"ListItem\",\"position\":3,\"name\":\"eOppivas anv\u00e4ndarorganisationer\"}]},{\"@type\":\"WebSite\",\"@id\":\"https:\/\/eoppiva.fi.jj-net.site\/#website\",\"url\":\"https:\/\/eoppiva.fi.jj-net.site\/\",\"name\":\"eOppiva\",\"description\":\"Valtion digitaalinen oppimisymp\u00e4rist\u00f6\",\"publisher\":{\"@id\":\"https:\/\/eoppiva.fi.jj-net.site\/#organization\"},\"potentialAction\":[{\"@type\":\"SearchAction\",\"target\":{\"@type\":\"EntryPoint\",\"urlTemplate\":\"https:\/\/eoppiva.fi.jj-net.site\/?s={search_term_string}\"},\"query-input\":{\"@type\":\"PropertyValueSpecification\",\"valueRequired\":true,\"valueName\":\"search_term_string\"}}],\"inLanguage\":\"sv-SE\"},{\"@type\":\"Organization\",\"@id\":\"https:\/\/eoppiva.fi.jj-net.site\/#organization\",\"name\":\"eOppiva\",\"url\":\"https:\/\/eoppiva.fi.jj-net.site\/\",\"logo\":{\"@type\":\"ImageObject\",\"inLanguage\":\"sv-SE\",\"@id\":\"https:\/\/eoppiva.fi.jj-net.site\/#\/schema\/logo\/image\/\",\"url\":\"https:\/\/eoppiva.fi.jj-net.site\/wp-content\/uploads\/2025\/03\/vihrea-logo-eo-1.png\",\"contentUrl\":\"https:\/\/eoppiva.fi.jj-net.site\/wp-content\/uploads\/2025\/03\/vihrea-logo-eo-1.png\",\"width\":2000,\"height\":2000,\"caption\":\"eOppiva\"},\"image\":{\"@id\":\"https:\/\/eoppiva.fi.jj-net.site\/#\/schema\/logo\/image\/\"},\"sameAs\":[\"https:\/\/www.facebook.com\/eoppiva\",\"https:\/\/x.com\/eoppivafi\",\"https:\/\/www.instagram.com\/eoppiva\/\",\"https:\/\/www.linkedin.com\/company\/eoppiva\"]}]}<\/script>\n<!-- \/ Yoast SEO Premium plugin. -->","yoast_head_json":{"title":"eOppivas anv\u00e4ndarorganisationer - eOppiva","robots":{"index":"noindex","follow":"follow","max-snippet":"max-snippet:-1","max-image-preview":"max-image-preview:large","max-video-preview":"max-video-preview:-1"},"og_locale":"sv_SE","og_type":"article","og_title":"eOppivas anv\u00e4ndarorganisationer","og_description":"Med dessa e-postadresser fr\u00e5n statliga organisationer kan du skapa en anv\u00e4ndarkonto i eOppivas Moodle. Anv\u00e4nd dock i f\u00f6rsta hand Virtu-inloggning om det \u00e4r tillg\u00e4ngligt i din organisation. 112.fi aka.fi ams-aland.fi ambetsverket.fi ara.fi avi.fi bof.fi businessfinland.fi celia.fi cmcfinland.fi dvv.fi edu.polamk.fi eduskunta.fi ely-keskus.fi energiavirasto.fi esh.fi fiia.fi fimea.fi finanssivalvonta.fi fmi.fi formin.fi gov.fi gtk.fi hansel.fi haus.fi hauscollege.fi heuni.fi hrsk.fi [&hellip;]","og_url":"https:\/\/eoppiva.fi.jj-net.site\/sv\/faq\/eoppivas-anvandarorganisationer\/","og_site_name":"eOppiva","article_publisher":"https:\/\/www.facebook.com\/eoppiva","article_modified_time":"2024-10-31T13:35:40+00:00","twitter_card":"summary_large_image","twitter_site":"@eoppivafi","schema":{"@context":"https:\/\/schema.org","@graph":[{"@type":"WebPage","@id":"https:\/\/eoppiva.fi.jj-net.site\/sv\/faq\/eoppivas-anvandarorganisationer\/","url":"https:\/\/eoppiva.fi.jj-net.site\/sv\/faq\/eoppivas-anvandarorganisationer\/","name":"eOppivas anv\u00e4ndarorganisationer - eOppiva","isPartOf":{"@id":"https:\/\/eoppiva.fi.jj-net.site\/#website"},"datePublished":"2024-08-01T12:13:16+00:00","dateModified":"2024-10-31T13:35:40+00:00","breadcrumb":{"@id":"https:\/\/eoppiva.fi.jj-net.site\/sv\/faq\/eoppivas-anvandarorganisationer\/#breadcrumb"},"inLanguage":"sv-SE","potentialAction":[{"@type":"ReadAction","target":["https:\/\/eoppiva.fi.jj-net.site\/sv\/faq\/eoppivas-anvandarorganisationer\/"]}]},{"@type":"BreadcrumbList","@id":"https:\/\/eoppiva.fi.jj-net.site\/sv\/faq\/eoppivas-anvandarorganisationer\/#breadcrumb","itemListElement":[{"@type":"ListItem","position":1,"name":"Home","item":"https:\/\/eoppiva.fi.jj-net.site\/sv\/"},{"@type":"ListItem","position":2,"name":"FAQ","item":"https:\/\/eoppiva.fi.jj-net.site\/sv\/faq\/"},{"@type":"ListItem","position":3,"name":"eOppivas anv\u00e4ndarorganisationer"}]},{"@type":"WebSite","@id":"https:\/\/eoppiva.fi.jj-net.site\/#website","url":"https:\/\/eoppiva.fi.jj-net.site\/","name":"eOppiva","description":"Valtion digitaalinen oppimisymp\u00e4rist\u00f6","publisher":{"@id":"https:\/\/eoppiva.fi.jj-net.site\/#organization"},"potentialAction":[{"@type":"SearchAction","target":{"@type":"EntryPoint","urlTemplate":"https:\/\/eoppiva.fi.jj-net.site\/?s={search_term_string}"},"query-input":{"@type":"PropertyValueSpecification","valueRequired":true,"valueName":"search_term_string"}}],"inLanguage":"sv-SE"},{"@type":"Organization","@id":"https:\/\/eoppiva.fi.jj-net.site\/#organization","name":"eOppiva","url":"https:\/\/eoppiva.fi.jj-net.site\/","logo":{"@type":"ImageObject","inLanguage":"sv-SE","@id":"https:\/\/eoppiva.fi.jj-net.site\/#\/schema\/logo\/image\/","url":"https:\/\/eoppiva.fi.jj-net.site\/wp-content\/uploads\/2025\/03\/vihrea-logo-eo-1.png","contentUrl":"https:\/\/eoppiva.fi.jj-net.site\/wp-content\/uploads\/2025\/03\/vihrea-logo-eo-1.png","width":2000,"height":2000,"caption":"eOppiva"},"image":{"@id":"https:\/\/eoppiva.fi.jj-net.site\/#\/schema\/logo\/image\/"},"sameAs":["https:\/\/www.facebook.com\/eoppiva","https:\/\/x.com\/eoppivafi","https:\/\/www.instagram.com\/eoppiva\/","https:\/\/www.linkedin.com\/company\/eoppiva"]}]}},"_links":{"self":[{"href":"https:\/\/eoppiva.fi.jj-net.site\/sv\/wp-json\/wp\/v2\/pages\/247403","targetHints":{"allow":["GET"]}}],"collection":[{"href":"https:\/\/eoppiva.fi.jj-net.site\/sv\/wp-json\/wp\/v2\/pages"}],"about":[{"href":"https:\/\/eoppiva.fi.jj-net.site\/sv\/wp-json\/wp\/v2\/types\/page"}],"author":[{"embeddable":true,"href":"https:\/\/eoppiva.fi.jj-net.site\/sv\/wp-json\/wp\/v2\/users\/6514"}],"replies":[{"embeddable":true,"href":"https:\/\/eoppiva.fi.jj-net.site\/sv\/wp-json\/wp\/v2\/comments?post=247403"}],"version-history":[{"count":6,"href":"https:\/\/eoppiva.fi.jj-net.site\/sv\/wp-json\/wp\/v2\/pages\/247403\/revisions"}],"predecessor-version":[{"id":282131,"href":"https:\/\/eoppiva.fi.jj-net.site\/sv\/wp-json\/wp\/v2\/pages\/247403\/revisions\/282131"}],"up":[{"embeddable":true,"href":"https:\/\/eoppiva.fi.jj-net.site\/sv\/wp-json\/wp\/v2\/pages\/249976"}],"wp:attachment":[{"href":"https:\/\/eoppiva.fi.jj-net.site\/sv\/wp-json\/wp\/v2\/media?parent=247403"}],"curies":[{"name":"wp","href":"https:\/\/api.w.org\/{rel}","templated":true}]}}