{"id":255489,"date":"2024-08-28T13:44:06","date_gmt":"2024-08-28T10:44:06","guid":{"rendered":"https:\/\/eoppiva.fi.jj-net.site\/?page_id=255489"},"modified":"2025-01-26T22:34:34","modified_gmt":"2025-01-26T20:34:34","slug":"eoppivas-language-versions","status":"publish","type":"page","link":"https:\/\/eoppiva.fi.jj-net.site\/en\/faq\/eoppivas-language-versions\/","title":{"rendered":"eOppiva\u2019s language versions"},"content":{"rendered":"<hr \/>\n<p>F\u00f6r att l\u00e4sa denna text om eOppivas spr\u00e5kversioner p\u00e5 svenska, <a href=\"https:\/\/eoppiva.fi.jj-net.site\/sv\/faq\/eoppivas-sprakversioner\/\">v\u00e4lj &#8220;SV&#8221; i toppmenyn eller klicka h\u00e4r.<\/a><\/p>\n<p>Voit lukea t\u00e4m\u00e4n tekstin eOppivan kieliversioista suomeksi <a href=\"https:\/\/eoppiva.fi.jj-net.site\/ukk\/eoppivan-kieliversiot\/\">valitsemalla &#8220;FI&#8221; yl\u00e4valikosta tai klikkaamalla t\u00e4st\u00e4.<\/a><\/p>\n<hr \/>\n<h2><strong>eOppiva is available in three languages<\/strong><\/h2>\n<p>You can choose the website language from three options: Finnish, Swedish, or English.<\/p>\n<h2><strong>How does the language selection work?<\/strong><\/h2>\n<ol>\n<li><strong>Choose a language<\/strong><br \/>\nSelect your preferred language from the top menu on the eOppiva website. This choice determines which language the content will be displayed in and which courses you can browse.<\/li>\n<li><strong>Browse courses in your chosen language<\/strong><br \/>\nOnce you have selected a language, you will see the courses available in that language. On the Finnish-language site, you will also see courses that are only available in English or Swedish. If a course is translated into multiple languages, you can view the different language versions by changing your language preference on the course introduction page.<\/li>\n<li><strong>Note that content varies by language<\/strong><br \/>\nNot all courses and other content are available in all languages. If you want to explore courses and content published in other languages, you can change the language from the top menu at any time.<\/li>\n<\/ol>\n<p>Welcome to study in the language of your choice!<\/p>\n<blockquote><p>Jotta jokainen voisi oppia<br \/>\nS\u00e5 att alla kan l\u00e4ra sig<br \/>\nLearning is for everyone<\/p><\/blockquote>\n","protected":false},"excerpt":{"rendered":"<p>F\u00f6r att l\u00e4sa denna text om eOppivas spr\u00e5kversioner p\u00e5 svenska, v\u00e4lj &#8220;SV&#8221; i toppmenyn eller klicka h\u00e4r. Voit lukea t\u00e4m\u00e4n tekstin eOppivan kieliversioista suomeksi valitsemalla &#8220;FI&#8221; yl\u00e4valikosta tai klikkaamalla t\u00e4st\u00e4. eOppiva is available in three languages You can choose the website language from three options: Finnish, Swedish, or English. How does the language selection work? [&hellip;]<\/p>\n","protected":false},"author":6514,"featured_media":0,"parent":226348,"menu_order":0,"comment_status":"closed","ping_status":"closed","template":"tmpl-article.php","meta":{"_acf_changed":false,"inline_featured_image":false,"footnotes":""},"class_list":["post-255489","page","type-page","status-publish","hentry"],"acf":[],"yoast_head":"<!-- This site is optimized with the Yoast SEO Premium plugin v26.1 (Yoast SEO v26.6) - https:\/\/yoast.com\/wordpress\/plugins\/seo\/ -->\n<title>eOppiva\u2019s language versions - eOppiva<\/title>\n<meta name=\"robots\" content=\"noindex, follow, max-snippet:-1, max-image-preview:large, max-video-preview:-1\" \/>\n<meta property=\"og:locale\" content=\"en_US\" \/>\n<meta property=\"og:type\" content=\"article\" \/>\n<meta property=\"og:title\" content=\"eOppiva\u2019s language versions\" \/>\n<meta property=\"og:description\" content=\"F\u00f6r att l\u00e4sa denna text om eOppivas spr\u00e5kversioner p\u00e5 svenska, v\u00e4lj &#8220;SV&#8221; i toppmenyn eller klicka h\u00e4r. Voit lukea t\u00e4m\u00e4n tekstin eOppivan kieliversioista suomeksi valitsemalla &#8220;FI&#8221; yl\u00e4valikosta tai klikkaamalla t\u00e4st\u00e4. eOppiva is available in three languages You can choose the website language from three options: Finnish, Swedish, or English. How does the language selection work? [&hellip;]\" \/>\n<meta property=\"og:url\" content=\"https:\/\/eoppiva.fi.jj-net.site\/en\/faq\/eoppivas-language-versions\/\" \/>\n<meta property=\"og:site_name\" content=\"eOppiva\" \/>\n<meta property=\"article:publisher\" content=\"https:\/\/www.facebook.com\/eoppiva\" \/>\n<meta property=\"article:modified_time\" content=\"2025-01-26T20:34:34+00:00\" \/>\n<meta name=\"twitter:card\" content=\"summary_large_image\" \/>\n<meta name=\"twitter:site\" content=\"@eoppivafi\" \/>\n<script type=\"application\/ld+json\" class=\"yoast-schema-graph\">{\"@context\":\"https:\/\/schema.org\",\"@graph\":[{\"@type\":\"WebPage\",\"@id\":\"https:\/\/eoppiva.fi.jj-net.site\/en\/faq\/eoppivas-language-versions\/\",\"url\":\"https:\/\/eoppiva.fi.jj-net.site\/en\/faq\/eoppivas-language-versions\/\",\"name\":\"eOppiva\u2019s language versions - eOppiva\",\"isPartOf\":{\"@id\":\"https:\/\/eoppiva.fi.jj-net.site\/#website\"},\"datePublished\":\"2024-08-28T10:44:06+00:00\",\"dateModified\":\"2025-01-26T20:34:34+00:00\",\"breadcrumb\":{\"@id\":\"https:\/\/eoppiva.fi.jj-net.site\/en\/faq\/eoppivas-language-versions\/#breadcrumb\"},\"inLanguage\":\"en-US\",\"potentialAction\":[{\"@type\":\"ReadAction\",\"target\":[\"https:\/\/eoppiva.fi.jj-net.site\/en\/faq\/eoppivas-language-versions\/\"]}]},{\"@type\":\"BreadcrumbList\",\"@id\":\"https:\/\/eoppiva.fi.jj-net.site\/en\/faq\/eoppivas-language-versions\/#breadcrumb\",\"itemListElement\":[{\"@type\":\"ListItem\",\"position\":1,\"name\":\"Home\",\"item\":\"https:\/\/eoppiva.fi.jj-net.site\/en\/\"},{\"@type\":\"ListItem\",\"position\":2,\"name\":\"FAQ\",\"item\":\"https:\/\/eoppiva.fi.jj-net.site\/en\/faq\/\"},{\"@type\":\"ListItem\",\"position\":3,\"name\":\"eOppiva\u2019s language versions\"}]},{\"@type\":\"WebSite\",\"@id\":\"https:\/\/eoppiva.fi.jj-net.site\/#website\",\"url\":\"https:\/\/eoppiva.fi.jj-net.site\/\",\"name\":\"eOppiva\",\"description\":\"Valtion digitaalinen oppimisymp\u00e4rist\u00f6\",\"publisher\":{\"@id\":\"https:\/\/eoppiva.fi.jj-net.site\/#organization\"},\"potentialAction\":[{\"@type\":\"SearchAction\",\"target\":{\"@type\":\"EntryPoint\",\"urlTemplate\":\"https:\/\/eoppiva.fi.jj-net.site\/?s={search_term_string}\"},\"query-input\":{\"@type\":\"PropertyValueSpecification\",\"valueRequired\":true,\"valueName\":\"search_term_string\"}}],\"inLanguage\":\"en-US\"},{\"@type\":\"Organization\",\"@id\":\"https:\/\/eoppiva.fi.jj-net.site\/#organization\",\"name\":\"eOppiva\",\"url\":\"https:\/\/eoppiva.fi.jj-net.site\/\",\"logo\":{\"@type\":\"ImageObject\",\"inLanguage\":\"en-US\",\"@id\":\"https:\/\/eoppiva.fi.jj-net.site\/#\/schema\/logo\/image\/\",\"url\":\"https:\/\/eoppiva.fi.jj-net.site\/wp-content\/uploads\/2025\/03\/vihrea-logo-eo-1.png\",\"contentUrl\":\"https:\/\/eoppiva.fi.jj-net.site\/wp-content\/uploads\/2025\/03\/vihrea-logo-eo-1.png\",\"width\":2000,\"height\":2000,\"caption\":\"eOppiva\"},\"image\":{\"@id\":\"https:\/\/eoppiva.fi.jj-net.site\/#\/schema\/logo\/image\/\"},\"sameAs\":[\"https:\/\/www.facebook.com\/eoppiva\",\"https:\/\/x.com\/eoppivafi\",\"https:\/\/www.instagram.com\/eoppiva\/\",\"https:\/\/www.linkedin.com\/company\/eoppiva\"]}]}<\/script>\n<!-- \/ Yoast SEO Premium plugin. -->","yoast_head_json":{"title":"eOppiva\u2019s language versions - eOppiva","robots":{"index":"noindex","follow":"follow","max-snippet":"max-snippet:-1","max-image-preview":"max-image-preview:large","max-video-preview":"max-video-preview:-1"},"og_locale":"en_US","og_type":"article","og_title":"eOppiva\u2019s language versions","og_description":"F\u00f6r att l\u00e4sa denna text om eOppivas spr\u00e5kversioner p\u00e5 svenska, v\u00e4lj &#8220;SV&#8221; i toppmenyn eller klicka h\u00e4r. Voit lukea t\u00e4m\u00e4n tekstin eOppivan kieliversioista suomeksi valitsemalla &#8220;FI&#8221; yl\u00e4valikosta tai klikkaamalla t\u00e4st\u00e4. eOppiva is available in three languages You can choose the website language from three options: Finnish, Swedish, or English. How does the language selection work? [&hellip;]","og_url":"https:\/\/eoppiva.fi.jj-net.site\/en\/faq\/eoppivas-language-versions\/","og_site_name":"eOppiva","article_publisher":"https:\/\/www.facebook.com\/eoppiva","article_modified_time":"2025-01-26T20:34:34+00:00","twitter_card":"summary_large_image","twitter_site":"@eoppivafi","schema":{"@context":"https:\/\/schema.org","@graph":[{"@type":"WebPage","@id":"https:\/\/eoppiva.fi.jj-net.site\/en\/faq\/eoppivas-language-versions\/","url":"https:\/\/eoppiva.fi.jj-net.site\/en\/faq\/eoppivas-language-versions\/","name":"eOppiva\u2019s language versions - eOppiva","isPartOf":{"@id":"https:\/\/eoppiva.fi.jj-net.site\/#website"},"datePublished":"2024-08-28T10:44:06+00:00","dateModified":"2025-01-26T20:34:34+00:00","breadcrumb":{"@id":"https:\/\/eoppiva.fi.jj-net.site\/en\/faq\/eoppivas-language-versions\/#breadcrumb"},"inLanguage":"en-US","potentialAction":[{"@type":"ReadAction","target":["https:\/\/eoppiva.fi.jj-net.site\/en\/faq\/eoppivas-language-versions\/"]}]},{"@type":"BreadcrumbList","@id":"https:\/\/eoppiva.fi.jj-net.site\/en\/faq\/eoppivas-language-versions\/#breadcrumb","itemListElement":[{"@type":"ListItem","position":1,"name":"Home","item":"https:\/\/eoppiva.fi.jj-net.site\/en\/"},{"@type":"ListItem","position":2,"name":"FAQ","item":"https:\/\/eoppiva.fi.jj-net.site\/en\/faq\/"},{"@type":"ListItem","position":3,"name":"eOppiva\u2019s language versions"}]},{"@type":"WebSite","@id":"https:\/\/eoppiva.fi.jj-net.site\/#website","url":"https:\/\/eoppiva.fi.jj-net.site\/","name":"eOppiva","description":"Valtion digitaalinen oppimisymp\u00e4rist\u00f6","publisher":{"@id":"https:\/\/eoppiva.fi.jj-net.site\/#organization"},"potentialAction":[{"@type":"SearchAction","target":{"@type":"EntryPoint","urlTemplate":"https:\/\/eoppiva.fi.jj-net.site\/?s={search_term_string}"},"query-input":{"@type":"PropertyValueSpecification","valueRequired":true,"valueName":"search_term_string"}}],"inLanguage":"en-US"},{"@type":"Organization","@id":"https:\/\/eoppiva.fi.jj-net.site\/#organization","name":"eOppiva","url":"https:\/\/eoppiva.fi.jj-net.site\/","logo":{"@type":"ImageObject","inLanguage":"en-US","@id":"https:\/\/eoppiva.fi.jj-net.site\/#\/schema\/logo\/image\/","url":"https:\/\/eoppiva.fi.jj-net.site\/wp-content\/uploads\/2025\/03\/vihrea-logo-eo-1.png","contentUrl":"https:\/\/eoppiva.fi.jj-net.site\/wp-content\/uploads\/2025\/03\/vihrea-logo-eo-1.png","width":2000,"height":2000,"caption":"eOppiva"},"image":{"@id":"https:\/\/eoppiva.fi.jj-net.site\/#\/schema\/logo\/image\/"},"sameAs":["https:\/\/www.facebook.com\/eoppiva","https:\/\/x.com\/eoppivafi","https:\/\/www.instagram.com\/eoppiva\/","https:\/\/www.linkedin.com\/company\/eoppiva"]}]}},"_links":{"self":[{"href":"https:\/\/eoppiva.fi.jj-net.site\/en\/wp-json\/wp\/v2\/pages\/255489","targetHints":{"allow":["GET"]}}],"collection":[{"href":"https:\/\/eoppiva.fi.jj-net.site\/en\/wp-json\/wp\/v2\/pages"}],"about":[{"href":"https:\/\/eoppiva.fi.jj-net.site\/en\/wp-json\/wp\/v2\/types\/page"}],"author":[{"embeddable":true,"href":"https:\/\/eoppiva.fi.jj-net.site\/en\/wp-json\/wp\/v2\/users\/6514"}],"replies":[{"embeddable":true,"href":"https:\/\/eoppiva.fi.jj-net.site\/en\/wp-json\/wp\/v2\/comments?post=255489"}],"version-history":[{"count":7,"href":"https:\/\/eoppiva.fi.jj-net.site\/en\/wp-json\/wp\/v2\/pages\/255489\/revisions"}],"predecessor-version":[{"id":313566,"href":"https:\/\/eoppiva.fi.jj-net.site\/en\/wp-json\/wp\/v2\/pages\/255489\/revisions\/313566"}],"up":[{"embeddable":true,"href":"https:\/\/eoppiva.fi.jj-net.site\/en\/wp-json\/wp\/v2\/pages\/226348"}],"wp:attachment":[{"href":"https:\/\/eoppiva.fi.jj-net.site\/en\/wp-json\/wp\/v2\/media?parent=255489"}],"curies":[{"name":"wp","href":"https:\/\/api.w.org\/{rel}","templated":true}]}}